{"id":16226,"date":"2016-05-02T20:54:23","date_gmt":"2016-05-02T18:54:23","guid":{"rendered":"http:\/\/www.mamanenforme.ch\/?page_id=16226"},"modified":"2025-07-28T16:38:27","modified_gmt":"2025-07-28T14:38:27","slug":"ballon-couple","status":"publish","type":"page","link":"https:\/\/www.mamanenforme.ch\/index.php\/ballon-couple\/","title":{"rendered":"Ballon Couple"},"content":{"rendered":"<p>[vc_row css_animation=\u00a0\u00bb\u00a0\u00bb row_type=\u00a0\u00bbrow\u00a0\u00bb use_row_as_full_screen_section=\u00a0\u00bbno\u00a0\u00bb type=\u00a0\u00bbfull_width\u00a0\u00bb angled_section=\u00a0\u00bbno\u00a0\u00bb text_align=\u00a0\u00bbleft\u00a0\u00bb background_image_as_pattern=\u00a0\u00bbwithout_pattern\u00a0\u00bb][vc_column]<div class='qode_parallax_layers ' style='height: 600px;' data-height=\"600\"><div class='qode_parallax_layers_holder preload_parallax_layers'><div class=\"image\" style=\"background-image:url(https:\/\/www.mamanenforme.ch\/wp-content\/uploads\/2016\/05\/page-couple-parallax.jpg);\" ><\/div><\/div><\/div>[vc_separator type=\u00a0\u00bbtransparent\u00a0\u00bb up=\u00a0\u00bb70&Prime; down=\u00a0\u00bb0&Prime;][\/vc_column][\/vc_row][vc_row css_animation=\u00a0\u00bb\u00a0\u00bb row_type=\u00a0\u00bbrow\u00a0\u00bb use_row_as_full_screen_section=\u00a0\u00bbno\u00a0\u00bb type=\u00a0\u00bbfull_width\u00a0\u00bb angled_section=\u00a0\u00bbno\u00a0\u00bb text_align=\u00a0\u00bbleft\u00a0\u00bb background_image_as_pattern=\u00a0\u00bbwithout_pattern\u00a0\u00bb][vc_column][vc_column_text]<\/p>\n<ul>\n<li><strong>Acc\u00e9l\u00e8re l\u2019\u00e9volution du travail<\/strong><\/li>\n<li><strong>Facilite l\u2019engagement du b\u00e9b\u00e9 dans le bassin<\/strong><\/li>\n<li><strong>Diminue la douleur<\/strong><\/li>\n<li><strong>R\u00e9duit le risque de d\u00e9chirure p\u00e9rin\u00e9ale ou le recours \u00e0 pratiquer une \u00e9pisiotomie<\/strong><\/li>\n<li><strong>Facilite l\u2019expulsion<\/strong><\/li>\n<li><strong>R\u00e9duit le nombre de c\u00e9sarienne<\/strong><\/li>\n<li><strong>Diminue la prise de m\u00e9dication<\/strong><\/li>\n<li><strong>Favorise la proximit\u00e9 du couple<\/strong><\/li>\n<li><strong>Facilite la d\u00e9tente, r\u00e9duit le stress et l\u2019anxi\u00e9t\u00e9<\/strong><\/li>\n<li><strong>Maintient la femme active pendant le travail de l\u2019accouchement<\/strong><\/li>\n<\/ul>\n<p>&nbsp;<\/p>\n<hr \/>\n<p>&nbsp;<\/p>\n<p>Le ballon de naissance peut accompagner les parents pendant toute la pr\u00e9paration \u00e0 l\u2019accouchement jusqu\u2019\u00e0 la naissance de leur enfant.<\/p>\n<p>&nbsp;<\/p>\n<p>Cet enseignement sp\u00e9cifique permettra aux parents de guider eux-m\u00eames diff\u00e9rentes postures avec le ballon pour d\u00e9tendre, soulager, \u00e9tirer, apaiser lors des contractions, favoriser le passage, aider b\u00e9b\u00e9 \u00e0 prendre sa bonne place dans le bassin.<\/p>\n<p>&nbsp;<\/p>\n<p>L\u2019utilisation du ballon de naissance est un outil \u00e0 la port\u00e9e de tous les\u00a0parents. Il fait le lien entre la gym \u00ab\u00a0Ballon Forme\u00a0\u00bb pr\u00e9natale\u00a0pratiqu\u00e9e par la maman durant sa grossesse et ce moment tant attendu de la naissance.<\/p>\n<p>&nbsp;<\/p>\n<p>C\u2019est aussi la possibilit\u00e9 pour le papa de se sentir int\u00e9gr\u00e9 et d\u2019apporter r\u00e9confort, chaleur et douceur \u00e0 sa conjointe pour vivre \u00e0 deux et en harmonie ce moment de rencontre avec leur enfant.[\/vc_column_text][vc_column_text][\/vc_column_text][vc_separator type=\u00a0\u00bbtransparent\u00a0\u00bb up=\u00a0\u00bb70&Prime; down=\u00a0\u00bb0&Prime;][vc_column_text]<b>Qui : \u00a0 \u00a0 \u00a0 \u00a0 \u00a0 \u00a0 \u00a0 \u00a0 \u00a0 \u00a0 \u00a0<\/b><\/p>\n<p>Tous les futurs parents<\/p>\n<p><b>Lieu<\/b> <b>du<\/b> <b>co<\/b><b>u<\/b><b>r<\/b><b>s :\u00a0 <\/b><\/p>\n<p>Espace Naissance, Rue de l&rsquo;Eglise 74, 1680 Romont<\/p>\n<p><b>Quand : \u00a0 \u00a0 \u00a0 \u00a0 \u00a0 \u00a0 \u00a0 \u00a0<\/b><\/p>\n<p>D\u00e8s la 34\u00e8me \u00e0 la 38\u00e8me semaines de grossesse, sur demande en soir\u00e9e<\/p>\n<p>&nbsp;<\/p>\n<p>Cours certifi\u00e9 label Qualitop et reconnu par les assurances, remboursement selon votre assurance maladie compl\u00e9mentaire.\u00a0 Plus d&rsquo;informations<span style=\"color: #0000ff;\"><a style=\"color: #0000ff;\" href=\"https:\/\/www.mamanenforme.ch\/wp-content\/uploads\/2024\/12\/qa-gesundheitsfoerderungsbeitraege_FR-1.pdf\" target=\"_blank\" rel=\"noopener\"> ici<\/a><\/span>.[\/vc_column_text][vc_separator type=\u00a0\u00bbtransparent\u00a0\u00bb up=\u00a0\u00bb70&Prime;][\/vc_column][\/vc_row][vc_row css_animation=\u00a0\u00bb\u00a0\u00bb row_type=\u00a0\u00bbrow\u00a0\u00bb use_row_as_full_screen_section=\u00a0\u00bbno\u00a0\u00bb type=\u00a0\u00bbfull_width\u00a0\u00bb angled_section=\u00a0\u00bbno\u00a0\u00bb text_align=\u00a0\u00bbleft\u00a0\u00bb background_image_as_pattern=\u00a0\u00bbwithout_pattern\u00a0\u00bb][vc_column]<a  href=\"http:\/\/www.mamanenforme.ch\/index.php\/formulaire-de-contact\/\" target=\"_self\"  class=\"qbutton  medium center default\" style=\"\">Inscription en ligne<\/a>[vc_separator type=\u00a0\u00bbtransparent\u00a0\u00bb up=\u00a0\u00bb70&Prime;][qode_pricing_tables columns=\u00a0\u00bbtwo_columns\u00a0\u00bb][qode_pricing_table title=\u00a0\u00bb1 couple formation sur 2 heures\u00a0\u00bb show_button=\u00a0\u00bbno\u00a0\u00bb active=\u00a0\u00bbno\u00a0\u00bb price=\u00a0\u00bb150.00&Prime; currency=\u00a0\u00bbCHF\u00a0\u00bb price_period=\u00a0\u00bb.\u00a0\u00bb]<\/p>\n<ul>\n<li>par couple<\/li>\n<\/ul>\n<p>[\/qode_pricing_table][qode_pricing_table title=\u00a0\u00bbD\u00e8s 2 couples : formation sur 3 heures\u00a0\u00bb show_button=\u00a0\u00bbno\u00a0\u00bb active=\u00a0\u00bbno\u00a0\u00bb price=\u00a0\u00bb120.00&Prime; currency=\u00a0\u00bbCHF\u00a0\u00bb price_period=\u00a0\u00bb.\u00a0\u00bb]<\/p>\n<ul>\n<li>par couple<\/li>\n<\/ul>\n<p>[\/qode_pricing_table][\/qode_pricing_tables][vc_separator type=\u00a0\u00bbtransparent\u00a0\u00bb up=\u00a0\u00bb70&Prime;][vc_single_image image=\u00a0\u00bb17476&Prime; img_size=\u00a0\u00bbfull\u00a0\u00bb alignment=\u00a0\u00bbcenter\u00a0\u00bb qode_css_animation=\u00a0\u00bb\u00a0\u00bb][vc_separator type=\u00a0\u00bbtransparent\u00a0\u00bb up=\u00a0\u00bb70&Prime;][\/vc_column][\/vc_row][vc_row css_animation=\u00a0\u00bb\u00a0\u00bb row_type=\u00a0\u00bbrow\u00a0\u00bb use_row_as_full_screen_section=\u00a0\u00bbno\u00a0\u00bb type=\u00a0\u00bbfull_width\u00a0\u00bb angled_section=\u00a0\u00bbno\u00a0\u00bb text_align=\u00a0\u00bbleft\u00a0\u00bb background_image_as_pattern=\u00a0\u00bbwithout_pattern\u00a0\u00bb][vc_column][\/vc_column][\/vc_row]<\/p>\n","protected":false},"excerpt":{"rendered":"<p>[vc_row css_animation=\u00a0\u00bb\u00a0\u00bb row_type=\u00a0\u00bbrow\u00a0\u00bb use_row_as_full_screen_section=\u00a0\u00bbno\u00a0\u00bb type=\u00a0\u00bbfull_width\u00a0\u00bb angled_section=\u00a0\u00bbno\u00a0\u00bb text_align=\u00a0\u00bbleft\u00a0\u00bb background_image_as_pattern=\u00a0\u00bbwithout_pattern\u00a0\u00bb][vc_column][vc_separator type=\u00a0\u00bbtransparent\u00a0\u00bb up=\u00a0\u00bb70&Prime; down=\u00a0\u00bb0&Prime;][\/vc_column][\/vc_row][vc_row css_animation=\u00a0\u00bb\u00a0\u00bb row_type=\u00a0\u00bbrow\u00a0\u00bb use_row_as_full_screen_section=\u00a0\u00bbno\u00a0\u00bb type=\u00a0\u00bbfull_width\u00a0\u00bb angled_section=\u00a0\u00bbno\u00a0\u00bb text_align=\u00a0\u00bbleft\u00a0\u00bb background_image_as_pattern=\u00a0\u00bbwithout_pattern\u00a0\u00bb][vc_column][vc_column_text] Acc\u00e9l\u00e8re l\u2019\u00e9volution du travail Facilite l\u2019engagement du b\u00e9b\u00e9 dans le bassin Diminue la douleur R\u00e9duit le risque de d\u00e9chirure p\u00e9rin\u00e9ale ou le recours \u00e0 pratiquer une \u00e9pisiotomie&#8230;<\/p>\n","protected":false},"author":2,"featured_media":0,"parent":0,"menu_order":0,"comment_status":"closed","ping_status":"closed","template":"","meta":{"footnotes":""},"_links":{"self":[{"href":"https:\/\/www.mamanenforme.ch\/index.php\/wp-json\/wp\/v2\/pages\/16226"}],"collection":[{"href":"https:\/\/www.mamanenforme.ch\/index.php\/wp-json\/wp\/v2\/pages"}],"about":[{"href":"https:\/\/www.mamanenforme.ch\/index.php\/wp-json\/wp\/v2\/types\/page"}],"author":[{"embeddable":true,"href":"https:\/\/www.mamanenforme.ch\/index.php\/wp-json\/wp\/v2\/users\/2"}],"replies":[{"embeddable":true,"href":"https:\/\/www.mamanenforme.ch\/index.php\/wp-json\/wp\/v2\/comments?post=16226"}],"version-history":[{"count":24,"href":"https:\/\/www.mamanenforme.ch\/index.php\/wp-json\/wp\/v2\/pages\/16226\/revisions"}],"predecessor-version":[{"id":17479,"href":"https:\/\/www.mamanenforme.ch\/index.php\/wp-json\/wp\/v2\/pages\/16226\/revisions\/17479"}],"wp:attachment":[{"href":"https:\/\/www.mamanenforme.ch\/index.php\/wp-json\/wp\/v2\/media?parent=16226"}],"curies":[{"name":"wp","href":"https:\/\/api.w.org\/{rel}","templated":true}]}}