{"id":16234,"date":"2016-05-02T20:55:49","date_gmt":"2016-05-02T18:55:49","guid":{"rendered":"http:\/\/www.mamanenforme.ch\/?page_id=16234"},"modified":"2025-02-22T22:05:22","modified_gmt":"2025-02-22T20:05:22","slug":"yoga-postnatal","status":"publish","type":"page","link":"https:\/\/www.mamanenforme.ch\/index.php\/yoga-postnatal\/","title":{"rendered":"Yoga-Pilates Postnatal"},"content":{"rendered":"<p>[vc_row css_animation=\u00a0\u00bb\u00a0\u00bb row_type=\u00a0\u00bbrow\u00a0\u00bb use_row_as_full_screen_section=\u00a0\u00bbno\u00a0\u00bb type=\u00a0\u00bbfull_width\u00a0\u00bb angled_section=\u00a0\u00bbno\u00a0\u00bb text_align=\u00a0\u00bbleft\u00a0\u00bb background_image_as_pattern=\u00a0\u00bbwithout_pattern\u00a0\u00bb][vc_column]<div class='qode_parallax_layers ' style='height: 600px;' data-height=\"600\"><div class='qode_parallax_layers_holder preload_parallax_layers'><div class=\"image\" style=\"background-image:url(https:\/\/www.mamanenforme.ch\/wp-content\/uploads\/2019\/12\/Yoga-Pilates-postnatal-maman-en-forme-parallax-e1577546551489.jpg);\" ><\/div><\/div><\/div>[vc_separator type=\u00a0\u00bbtransparent\u00a0\u00bb up=\u00a0\u00bb40&Prime;][vc_column_text]Une nouvelle vie commence, une nouvelle vie entre vos mains&#8230;Vous devez mettre en \u0153uvre des adaptations importantes des rythmes nouveaux sont \u00e0 d\u00e9couvrir chaque jours\u2026Cette p\u00e9riode ouvre \u00e0 des \u00e9motions si intenses qu\u2019elles prennent aussi une \u00e9nergie importante\u2026<\/p>\n<p>Le yoga invite \u00e0 vivre le plus sereinement possible cette p\u00e9riode du postpartum\u2026<\/p>\n<p>Il offre un temps de pause, de conscience \u00e0 soi, de connexion \u00e0 soi si souvent oubli\u00e9s&#8230;<\/p>\n<p>Il permet aussi de c\u00e9der sereinement la place de son corps de grossesse et de retrouver peu \u00e0 peu son corps de femme par le r\u00e9ajustement de sa posture, mais aussi la tonification du p\u00e9rin\u00e9e, de la musculature abdominale et du dos gr\u00e2ce aux postures adapt\u00e9es \u00e0 cette p\u00e9riode et aux exercices de base du placement selon la m\u00e9thode de Joseph Pilates ainsi que la m\u00e9thode posturo-respiratoire APOR De Gasquet.<\/p>\n<p>Il aide son organisme et son mental \u00e0 se remettre des nombreuses modifications qui ont eu lieu durant la grossesse et l\u2019accouchement en respectant son propre rythme&#8230;<\/p>\n<p>&nbsp;<\/p>\n<p>&nbsp;<\/p>\n<p><strong>Qui\u00a0:\u00a0\u00a0<\/strong><\/p>\n<p>Maman avec ou sans b\u00e9b\u00e9, apr\u00e8s validation du contr\u00f4le post-partum et jusqu&rsquo;\u00e0 4 mois<\/p>\n<p><strong>Lieu du cours\u00a0:<\/strong><\/p>\n<p>Espace Naissance, Rue de l&rsquo;Eglise 74, 1680 Romont<\/p>\n<p><strong>Quand\u00a0:<\/strong><\/p>\n<p>Les lundis matin,\u00a0 cours collectifs avec votre b\u00e9b\u00e9 de 9h45 \u00e0 10h45<\/p>\n<p>Selon inscriptions ce cours peut \u00eatre momentan\u00e9ment remplac\u00e9 par la gym Ballon Forme postnatale<\/p>\n<p>&nbsp;<\/p>\n<p>Cours certifi\u00e9 label Qualitop et reconnu par les assurances, remboursement selon votre assurance maladie compl\u00e9mentaire.\u00a0 Plus d&rsquo;informations<span style=\"color: #0000ff;\"><a style=\"color: #0000ff;\" href=\"https:\/\/www.mamanenforme.ch\/wp-content\/uploads\/2024\/12\/qa-gesundheitsfoerderungsbeitraege_FR-1.pdf\" target=\"_blank\" rel=\"noopener\"> ici<\/a><\/span>.[\/vc_column_text][vc_separator type=\u00a0\u00bbtransparent\u00a0\u00bb thickness=\u00a0\u00bb0&Prime; up=\u00a0\u00bb40&Prime;]<a  href=\"http:\/\/www.mamanenforme.ch\/index.php\/formulaire-de-contact\/\" target=\"_self\"  class=\"qbutton  medium center default\" style=\"\">Inscription en ligne<\/a>[vc_separator type=\u00a0\u00bbtransparent\u00a0\u00bb thickness=\u00a0\u00bb40&Prime; up=\u00a0\u00bb40&Prime;][qode_pricing_tables columns=\u00a0\u00bbtwo_columns\u00a0\u00bb][qode_pricing_table title=\u00a0\u00bbSession de 6 cours\u00a0\u00bb show_button=\u00a0\u00bbno\u00a0\u00bb active=\u00a0\u00bbno\u00a0\u00bb price=\u00a0\u00bb180.00&Prime; currency=\u00a0\u00bbCHF\u00a0\u00bb price_period=\u00a0\u00bb.\u00a0\u00bb]<\/p>\n<p style=\"text-align: center;\"><span style=\"color: #ffffff;\">Cours collectifs avec b\u00e9b\u00e9<\/span><\/p>\n<p>[\/qode_pricing_table][\/qode_pricing_tables][vc_separator type=\u00a0\u00bbtransparent\u00a0\u00bb up=\u00a0\u00bb40&Prime;][vc_single_image image=\u00a0\u00bb16412&Prime; img_size=\u00a0\u00bb400&#215;600&Prime; alignment=\u00a0\u00bbcenter\u00a0\u00bb style=\u00a0\u00bbvc_box_rounded\u00a0\u00bb qode_css_animation=\u00a0\u00bb\u00a0\u00bb][vc_separator type=\u00a0\u00bbtransparent\u00a0\u00bb up=\u00a0\u00bb40&Prime;][\/vc_column][\/vc_row][vc_row css_animation=\u00a0\u00bb\u00a0\u00bb row_type=\u00a0\u00bbrow\u00a0\u00bb use_row_as_full_screen_section=\u00a0\u00bbno\u00a0\u00bb type=\u00a0\u00bbfull_width\u00a0\u00bb angled_section=\u00a0\u00bbno\u00a0\u00bb text_align=\u00a0\u00bbleft\u00a0\u00bb background_image_as_pattern=\u00a0\u00bbwithout_pattern\u00a0\u00bb][vc_column][\/vc_column][\/vc_row]<\/p>\n","protected":false},"excerpt":{"rendered":"<p>[vc_row css_animation=\u00a0\u00bb\u00a0\u00bb row_type=\u00a0\u00bbrow\u00a0\u00bb use_row_as_full_screen_section=\u00a0\u00bbno\u00a0\u00bb type=\u00a0\u00bbfull_width\u00a0\u00bb angled_section=\u00a0\u00bbno\u00a0\u00bb text_align=\u00a0\u00bbleft\u00a0\u00bb background_image_as_pattern=\u00a0\u00bbwithout_pattern\u00a0\u00bb][vc_column][vc_separator type=\u00a0\u00bbtransparent\u00a0\u00bb up=\u00a0\u00bb40&Prime;][vc_column_text]Une nouvelle vie commence, une nouvelle vie entre vos mains&#8230;Vous devez mettre en \u0153uvre des adaptations importantes des rythmes nouveaux sont \u00e0 d\u00e9couvrir chaque jours\u2026Cette p\u00e9riode ouvre \u00e0 des \u00e9motions si intenses qu\u2019elles prennent aussi une&#8230;<\/p>\n","protected":false},"author":2,"featured_media":0,"parent":0,"menu_order":0,"comment_status":"closed","ping_status":"closed","template":"","meta":{"footnotes":""},"_links":{"self":[{"href":"https:\/\/www.mamanenforme.ch\/index.php\/wp-json\/wp\/v2\/pages\/16234"}],"collection":[{"href":"https:\/\/www.mamanenforme.ch\/index.php\/wp-json\/wp\/v2\/pages"}],"about":[{"href":"https:\/\/www.mamanenforme.ch\/index.php\/wp-json\/wp\/v2\/types\/page"}],"author":[{"embeddable":true,"href":"https:\/\/www.mamanenforme.ch\/index.php\/wp-json\/wp\/v2\/users\/2"}],"replies":[{"embeddable":true,"href":"https:\/\/www.mamanenforme.ch\/index.php\/wp-json\/wp\/v2\/comments?post=16234"}],"version-history":[{"count":51,"href":"https:\/\/www.mamanenforme.ch\/index.php\/wp-json\/wp\/v2\/pages\/16234\/revisions"}],"predecessor-version":[{"id":17465,"href":"https:\/\/www.mamanenforme.ch\/index.php\/wp-json\/wp\/v2\/pages\/16234\/revisions\/17465"}],"wp:attachment":[{"href":"https:\/\/www.mamanenforme.ch\/index.php\/wp-json\/wp\/v2\/media?parent=16234"}],"curies":[{"name":"wp","href":"https:\/\/api.w.org\/{rel}","templated":true}]}}