{"id":16238,"date":"2016-05-02T20:57:03","date_gmt":"2016-05-02T18:57:03","guid":{"rendered":"http:\/\/www.mamanenforme.ch\/?page_id=16238"},"modified":"2024-12-22T14:14:18","modified_gmt":"2024-12-22T12:14:18","slug":"pilates","status":"publish","type":"page","link":"https:\/\/www.mamanenforme.ch\/index.php\/pilates\/","title":{"rendered":"Pilates Matwork"},"content":{"rendered":"<p>[vc_row css_animation=\u00a0\u00bb\u00a0\u00bb row_type=\u00a0\u00bbrow\u00a0\u00bb use_row_as_full_screen_section=\u00a0\u00bbno\u00a0\u00bb type=\u00a0\u00bbfull_width\u00a0\u00bb angled_section=\u00a0\u00bbno\u00a0\u00bb text_align=\u00a0\u00bbleft\u00a0\u00bb background_image_as_pattern=\u00a0\u00bbwithout_pattern\u00a0\u00bb][vc_column]<div class='qode_parallax_layers ' style='height: 600px;' data-height=\"600\"><div class='qode_parallax_layers_holder preload_parallax_layers'><div class=\"image\" style=\"background-image:url(https:\/\/www.mamanenforme.ch\/wp-content\/uploads\/2016\/05\/page-pilate-parallax.jpg);\" ><\/div><\/div><\/div>[vc_separator type=\u00a0\u00bbtransparent\u00a0\u00bb thickness=\u00a0\u00bb40&Prime; up=\u00a0\u00bb40&Prime;][vc_column_text]Profitez d&rsquo;un entra\u00eenement physique complet bas\u00e9 sur des fondamentaux pr\u00e9cis\u2026 Un travail en synergie de tous les muscles de l&rsquo;abdomen, du dos ainsi que du diaphragme et du p\u00e9rin\u00e9e. Le Pilates permet d&rsquo;affiner sa silhouette, de tonifier son corps, d&rsquo;am\u00e9liorer l&rsquo;alignement de son corps ainsi que l&rsquo;\u00e9quilibre n\u00e9cessaire \u00e0 une meilleure posture, agilit\u00e9, tonicit\u00e9\u2026Chaque mouvement part d&rsquo;un point central consid\u00e9r\u00e9 comme votre centre \u00e9nerg\u00e9tique, votre ventre\u2026<\/p>\n<p>Les exercices exigent force et concentration ; contr\u00f4le du geste dans son amplitude et son rythme. Ils sont pratiqu\u00e9s de mani\u00e8re fluide et en harmonie avec le contr\u00f4le de la respiration. La concentration n\u00e9cessaire lib\u00e8re l&rsquo;esprit des tensions accumul\u00e9es et permet aussi de retrouver un meilleur \u00e9quilibre psychique et de mieux-\u00eatre\u2026.<\/p>\n<p>Adapt\u00e9 \u00e0 tous et toutes, ce cours est un Pilates de niveau d\u00e9butant et \u00e9volue progressivement et sensibilise \u00e0 la mani\u00e8re d&rsquo;effectuer un travail complet sur la cha\u00eene abdominale.<\/p>\n<p>&nbsp;<\/p>\n<p><strong>Qui :<\/strong><\/p>\n<p>Femmes actives et hommes actifs<\/p>\n<p>\u00c2ge app. 20-50 ans selon questionnaire de sant\u00e9<\/p>\n<p><strong>Lieu du cours :<\/strong><\/p>\n<p>Espace Naissance, Rue de l&rsquo;Eglise 74, 1680 Romont<\/p>\n<p><strong>Quand : \u00a0<\/strong><\/p>\n<p>Les lundis soir de 18h00 \u00e0 19h00<\/p>\n<p>Les mardis matin de 9h00 \u00e0 10h00 et 10h30 \u00e0 11h30<\/p>\n<p>Les jeudis soir de 17h00 \u00e0 18h00 et 18h15 \u00e0 19h15<\/p>\n<p>&nbsp;<\/p>\n<p>Possibilit\u00e9 de commencer uniquement en d\u00e9but de session. (janvier-avril-septembre)<\/p>\n<p>&nbsp;<\/p>\n<p>Cours certifi\u00e9 label Qualitop et reconnu par les assurances, remboursement selon votre assurance maladie compl\u00e9mentaire.\u00a0 Plus d&rsquo;informations<span style=\"color: #0000ff;\"><a style=\"color: #0000ff;\" href=\"https:\/\/www.mamanenforme.ch\/wp-content\/uploads\/2024\/12\/qa-gesundheitsfoerderungsbeitraege_FR-1.pdf\" target=\"_blank\" rel=\"noopener\"> ici<\/a><\/span>.[\/vc_column_text][vc_separator type=\u00a0\u00bbtransparent\u00a0\u00bb thickness=\u00a0\u00bb40&Prime; up=\u00a0\u00bb40&Prime;]<a  href=\"http:\/\/www.mamanenforme.ch\/index.php\/formulaire-de-contact\/\" target=\"_self\"  class=\"qbutton  medium center default\" style=\"\">Inscription en ligne<\/a>[vc_separator type=\u00a0\u00bbtransparent\u00a0\u00bb thickness=\u00a0\u00bb40&Prime; up=\u00a0\u00bb40&Prime;][qode_pricing_tables columns=\u00a0\u00bbtwo_columns\u00a0\u00bb][qode_pricing_table title=\u00a0\u00bbSession de 10 cours\u00a0\u00bb show_button=\u00a0\u00bbno\u00a0\u00bb active=\u00a0\u00bbno\u00a0\u00bb price=\u00a0\u00bb280.00&Prime; currency=\u00a0\u00bbCHF\u00a0\u00bb price_period=\u00a0\u00bb.\u00a0\u00bb][\/qode_pricing_table][\/qode_pricing_tables][vc_separator type=\u00a0\u00bbtransparent\u00a0\u00bb thickness=\u00a0\u00bb40&Prime; up=\u00a0\u00bb40&Prime;][vc_single_image image=\u00a0\u00bb16417&Prime; img_size=\u00a0\u00bb500&#215;333&Prime; alignment=\u00a0\u00bbright\u00a0\u00bb qode_css_animation=\u00a0\u00bb\u00a0\u00bb][vc_separator type=\u00a0\u00bbtransparent\u00a0\u00bb thickness=\u00a0\u00bb40&Prime; up=\u00a0\u00bb40&Prime;][\/vc_column][\/vc_row][vc_row css_animation=\u00a0\u00bb\u00a0\u00bb row_type=\u00a0\u00bbrow\u00a0\u00bb use_row_as_full_screen_section=\u00a0\u00bbno\u00a0\u00bb type=\u00a0\u00bbfull_width\u00a0\u00bb angled_section=\u00a0\u00bbno\u00a0\u00bb text_align=\u00a0\u00bbleft\u00a0\u00bb background_image_as_pattern=\u00a0\u00bbwithout_pattern\u00a0\u00bb][vc_column][\/vc_column][\/vc_row]<\/p>\n","protected":false},"excerpt":{"rendered":"<p>[vc_row css_animation=\u00a0\u00bb\u00a0\u00bb row_type=\u00a0\u00bbrow\u00a0\u00bb use_row_as_full_screen_section=\u00a0\u00bbno\u00a0\u00bb type=\u00a0\u00bbfull_width\u00a0\u00bb angled_section=\u00a0\u00bbno\u00a0\u00bb text_align=\u00a0\u00bbleft\u00a0\u00bb background_image_as_pattern=\u00a0\u00bbwithout_pattern\u00a0\u00bb][vc_column][vc_separator type=\u00a0\u00bbtransparent\u00a0\u00bb thickness=\u00a0\u00bb40&Prime; up=\u00a0\u00bb40&Prime;][vc_column_text]Profitez d&rsquo;un entra\u00eenement physique complet bas\u00e9 sur des fondamentaux pr\u00e9cis\u2026 Un travail en synergie de tous les muscles de l&rsquo;abdomen, du dos ainsi que du diaphragme et du p\u00e9rin\u00e9e. Le Pilates permet d&rsquo;affiner sa silhouette,&#8230;<\/p>\n","protected":false},"author":2,"featured_media":0,"parent":0,"menu_order":0,"comment_status":"closed","ping_status":"closed","template":"","meta":{"footnotes":""},"_links":{"self":[{"href":"https:\/\/www.mamanenforme.ch\/index.php\/wp-json\/wp\/v2\/pages\/16238"}],"collection":[{"href":"https:\/\/www.mamanenforme.ch\/index.php\/wp-json\/wp\/v2\/pages"}],"about":[{"href":"https:\/\/www.mamanenforme.ch\/index.php\/wp-json\/wp\/v2\/types\/page"}],"author":[{"embeddable":true,"href":"https:\/\/www.mamanenforme.ch\/index.php\/wp-json\/wp\/v2\/users\/2"}],"replies":[{"embeddable":true,"href":"https:\/\/www.mamanenforme.ch\/index.php\/wp-json\/wp\/v2\/comments?post=16238"}],"version-history":[{"count":44,"href":"https:\/\/www.mamanenforme.ch\/index.php\/wp-json\/wp\/v2\/pages\/16238\/revisions"}],"predecessor-version":[{"id":17454,"href":"https:\/\/www.mamanenforme.ch\/index.php\/wp-json\/wp\/v2\/pages\/16238\/revisions\/17454"}],"wp:attachment":[{"href":"https:\/\/www.mamanenforme.ch\/index.php\/wp-json\/wp\/v2\/media?parent=16238"}],"curies":[{"name":"wp","href":"https:\/\/api.w.org\/{rel}","templated":true}]}}