{"id":16584,"date":"2016-08-28T11:11:41","date_gmt":"2016-08-28T09:11:41","guid":{"rendered":"http:\/\/www.mamanenforme.ch\/?page_id=16584"},"modified":"2021-01-23T11:53:41","modified_gmt":"2021-01-23T09:53:41","slug":"mentions-legales","status":"publish","type":"page","link":"https:\/\/www.mamanenforme.ch\/index.php\/mentions-legales\/","title":{"rendered":"Mentions l\u00e9gales"},"content":{"rendered":"<p>[vc_row css_animation=\u00a0\u00bb\u00a0\u00bb row_type=\u00a0\u00bbrow\u00a0\u00bb use_row_as_full_screen_section=\u00a0\u00bbno\u00a0\u00bb type=\u00a0\u00bbfull_width\u00a0\u00bb angled_section=\u00a0\u00bbno\u00a0\u00bb text_align=\u00a0\u00bbleft\u00a0\u00bb background_image_as_pattern=\u00a0\u00bbwithout_pattern\u00a0\u00bb][vc_column][vc_column_text]<\/p>\n<header class=\"icon iconH1\">\n<h1><\/h1>\n<\/header>\n<article>\n<div class=\"legal-notice-block advertiser-block\">\n<div class=\"legal-notice-item\"><span class=\"item-label\">Nom de l&rsquo;entreprise :\u00a0<\/span><span class=\"item-value\">Maman en forme &#8211; Anne Pittet-Jaquier<\/span><\/div>\n<div class=\"legal-notice-item\"><span class=\"item-label\">Adresse postale : Rue de l&rsquo;Eglise 74 &#8211; 1680 Romont<\/span><\/div>\n<div class=\"legal-notice-item\"><span class=\"item-label\">T\u00e9l\u00e9phone : <\/span><span class=\"item-value\">+41\u00a079 307 73 04<\/span><\/div>\n<div class=\"legal-notice-item\"><span class=\"item-label\">Email : anne<\/span><span class=\"item-value\">@mamanenforme.ch<\/span><\/div>\n<\/div>\n<\/article>\n<div class=\"legal-notice-item\"><\/div>\n<div class=\"legal-notice-item\"><\/div>\n<h5 class=\"legal-notice-item\"><\/h5>\n<article>\n<div class=\"legal-notice-block cookies-block\"><\/div>\n<\/article>\n<p>[\/vc_column_text][vc_separator type=\u00a0\u00bbtransparent\u00a0\u00bb up=\u00a0\u00bb20&Prime;][vc_column_text]<\/p>\n<h5 class=\"legal-notice-item\">Droits d\u2019auteur<\/h5>\n<article>\n<div class=\"legal-notice-block cookies-block\">\n<div class=\"csc-textpic-text\">\n<p class=\"bodytext\">Le pr\u00e9sent site est prot\u00e9g\u00e9 par les droits d\u2019auteur. Le t\u00e9l\u00e9chargement d\u2019une partie ou de la totalit\u00e9 des textes et des photos ne sont pas admis.<\/p>\n<p class=\"bodytext\">Toute reproduction, utilisation ou modification \u00e0 des fins publiques ou commerciales du contenu prot\u00e9g\u00e9 par les droits d\u2019auteur est interdite.<\/p>\n<\/div>\n<h5 class=\"cookies-text\">Informations juridiques<\/h5>\n<p class=\"cookies-text\">Ce site Internet utilise des cookies. Les cookies sont de petits fichiers textes qui sont enregistr\u00e9s sur votre ordinateur, lors de la visite du site, de fa\u00e7on temporaire ou durable. Le but des cookies est en particulier d\u2019analyser l\u2019utilisation du site, en vue d\u2019une exploitation statistique, ainsi que d\u2019am\u00e9liorations continues. Les cookies peuvent \u00eatre \u00e0 tout moment d\u00e9sactiv\u00e9s dans les param\u00e8tres de votre navigateur web, partiellement ou en totalit\u00e9. En d\u00e9sactivant les cookies, certaines fonctionnalit\u00e9s de ce site peuvent \u00e9ventuellement ne plus \u00eatre disponibles.<\/p>\n<\/div>\n<\/article>\n<p>[\/vc_column_text][\/vc_column][\/vc_row]<\/p>\n","protected":false},"excerpt":{"rendered":"<p>[vc_row css_animation=\u00a0\u00bb\u00a0\u00bb row_type=\u00a0\u00bbrow\u00a0\u00bb use_row_as_full_screen_section=\u00a0\u00bbno\u00a0\u00bb type=\u00a0\u00bbfull_width\u00a0\u00bb angled_section=\u00a0\u00bbno\u00a0\u00bb text_align=\u00a0\u00bbleft\u00a0\u00bb background_image_as_pattern=\u00a0\u00bbwithout_pattern\u00a0\u00bb][vc_column][vc_column_text] Nom de l&rsquo;entreprise :\u00a0Maman en forme &#8211; Anne Pittet-Jaquier Adresse postale : Rue de l&rsquo;Eglise 74 &#8211; 1680 Romont T\u00e9l\u00e9phone : +41\u00a079 307 73 04 Email : anne@mamanenforme.ch [\/vc_column_text][vc_separator type=\u00a0\u00bbtransparent\u00a0\u00bb up=\u00a0\u00bb20&Prime;][vc_column_text] Droits d\u2019auteur Le pr\u00e9sent site est&#8230;<\/p>\n","protected":false},"author":2,"featured_media":0,"parent":0,"menu_order":0,"comment_status":"closed","ping_status":"closed","template":"","meta":{"footnotes":""},"_links":{"self":[{"href":"https:\/\/www.mamanenforme.ch\/index.php\/wp-json\/wp\/v2\/pages\/16584"}],"collection":[{"href":"https:\/\/www.mamanenforme.ch\/index.php\/wp-json\/wp\/v2\/pages"}],"about":[{"href":"https:\/\/www.mamanenforme.ch\/index.php\/wp-json\/wp\/v2\/types\/page"}],"author":[{"embeddable":true,"href":"https:\/\/www.mamanenforme.ch\/index.php\/wp-json\/wp\/v2\/users\/2"}],"replies":[{"embeddable":true,"href":"https:\/\/www.mamanenforme.ch\/index.php\/wp-json\/wp\/v2\/comments?post=16584"}],"version-history":[{"count":7,"href":"https:\/\/www.mamanenforme.ch\/index.php\/wp-json\/wp\/v2\/pages\/16584\/revisions"}],"predecessor-version":[{"id":17140,"href":"https:\/\/www.mamanenforme.ch\/index.php\/wp-json\/wp\/v2\/pages\/16584\/revisions\/17140"}],"wp:attachment":[{"href":"https:\/\/www.mamanenforme.ch\/index.php\/wp-json\/wp\/v2\/media?parent=16584"}],"curies":[{"name":"wp","href":"https:\/\/api.w.org\/{rel}","templated":true}]}}