{"id":16749,"date":"2017-07-24T22:25:54","date_gmt":"2017-07-24T20:25:54","guid":{"rendered":"http:\/\/www.mamanenforme.ch\/?page_id=16749"},"modified":"2024-12-22T16:34:13","modified_gmt":"2024-12-22T14:34:13","slug":"conditions-generales","status":"publish","type":"page","link":"https:\/\/www.mamanenforme.ch\/index.php\/conditions-generales\/","title":{"rendered":"Conditions G\u00e9n\u00e9rales"},"content":{"rendered":"<p>[vc_row css_animation=\u00a0\u00bb\u00a0\u00bb row_type=\u00a0\u00bbrow\u00a0\u00bb use_row_as_full_screen_section=\u00a0\u00bbno\u00a0\u00bb type=\u00a0\u00bbfull_width\u00a0\u00bb angled_section=\u00a0\u00bbno\u00a0\u00bb text_align=\u00a0\u00bbleft\u00a0\u00bb background_image_as_pattern=\u00a0\u00bbwithout_pattern\u00a0\u00bb][vc_column][vc_column_text]<strong>\u00a0<\/strong><\/p>\n<p><strong>\u00a01. Tarifs<\/strong><\/p>\n<p>Les prix des prestations sont en ligne sur le site internet et sont en Francs Suisses. Ils sont pay\u00e9s int\u00e9gralement avant le 1<sup>er<\/sup> cours.<\/p>\n<p><strong>2. D\u00e9roulement <\/strong><\/p>\n<p>Pour les cours de la p\u00e9riode pr\u00e9natale (gym ballon ou yoga ou Pilates pr\u00e9natal), la participante doit avoir d\u00e9pass\u00e9e les 12 semaines de grossesse lors de son premier cours pr\u00e9natal.<\/p>\n<p>Pour les cours de la p\u00e9riode pr\u00e9natale (gym ballon ou yoga ou Pilates pr\u00e9natal), la participante est tenue de fournir une attestation \u00e9crite ou au minimum un accord oral de son gyn\u00e9cologue, stipulant qu\u2019elle est autoris\u00e9e \u00e0 pratiquer une activit\u00e9 physique adapt\u00e9e \u00e0 la grossesse ; et que cette grossesse se d\u00e9roule normalement. (Physiologique)<\/p>\n<p>Pour les cours de la p\u00e9riode postnatale (gym ballon ou yoga), la participante doit avoir eu le contr\u00f4le gyn\u00e9cologique de la p\u00e9riode post-partum lors de son premier cours postnatal.<\/p>\n<p>Un d\u00e9lai de 6 \u00e0 8 semaines doit \u00eatre respect\u00e9 depuis l\u2019accouchement.<\/p>\n<p>En cas d\u2019accouchement par c\u00e9sarienne (ou s\u2019il y a eu des complications lors de l\u2019accouchement) la participante s\u2019engage \u00e0 informer et valider aupr\u00e8s de son gyn\u00e9cologue, son souhait \u00e0 reprendre une activit\u00e9 physique adapt\u00e9e \u00e0 cette p\u00e9riode post-partum.<\/p>\n<p>Pour le cours gym ballon de la p\u00e9riode pr\u00e9natale et postnatale, la participante a re\u00e7u et compris le descriptif du cours. Elle accepte les risques li\u00e9s \u00e0 la pratique de cette activit\u00e9 et d\u00e9charge l\u2019enseignante ainsi que les diff\u00e9rentes structures dans lesquels les cours se d\u00e9roulent, de toute responsabilit\u00e9 en cas de blessure, accident, maladie ou tout autre dommage corporel pour elle et son enfant, caus\u00e9s dans l\u2019ex\u00e9cution du mouvement avec le ballon durant ou \u00e0 la suite des cours.<\/p>\n<p><strong>3. Inscription<\/strong><\/p>\n<p>Les cours doivent \u00eatre pay\u00e9 d\u2019avance et l\u2019inscription est d\u00e9finitive lorsque celui-ci est acquitt\u00e9.<\/p>\n<p>D\u00e8s l\u2019inscription, une place est assur\u00e9e pour la participante jusqu\u2019en fin de grossesse ou jusqu\u2019\u00e0 la fin de la session pour la p\u00e9riode postnatale. Il est possible de terminer avant, si cela ne devait pas convenir, et selon les conditions g\u00e9n\u00e9rales point 4.<\/p>\n<p>Les cours de la p\u00e9riode pr\u00e9natale (gym ballon ou yoga ou Pilates pr\u00e9natal) ainsi que les cours de la p\u00e9riode postnatale (gym ballon ou yoga) sont envisag\u00e9s par session. Une session inclue 6 cours \u00e0 raison d\u2019un cours\/semaine.<\/p>\n<p>Il est possible de combiner et pratiquer davantage, par exemple yoga + gym ballon, dans ce cas la session se terminera plus rapidement<\/p>\n<p>Les cours de la p\u00e9riode pr\u00e9natale (gym ballon ou yoga ou Pilates pr\u00e9natal) ainsi que les cours de la p\u00e9riode postnatale (gym ballon ou yoga) ne pouvant \u00eatre poursuivis, seront rembours\u00e9s uniquement sur validation d\u2019un certificat m\u00e9dical. Si la naissance intervient avant la fin de la session et si tous les cours ont \u00e9t\u00e9 suivis, un remboursement peut \u00eatre envisag\u00e9.<\/p>\n<p>La 1<sup>\u00e8re<\/sup>session d\u2019un cours de la p\u00e9riode pr\u00e9natale (gym ballon ou yoga ou Pilates pr\u00e9natal) ou de la p\u00e9riode postnatale (gym ballon ou yoga) doit \u00eatre effectu\u00e9e dans les 8 semaines suivant la date de d\u00e9part du cours (date indiqu\u00e9e dans l\u2019encadr\u00e9 sur la facture). Les vacances ou jours f\u00e9ri\u00e9s qui interviennent durant ces 8 semaines et qui ferait tomber un ou plusieurs cours ne sont pas pris en compte.<\/p>\n<p>Apr\u00e8s ce d\u00e9lai de 8 semaines, il y a soit une suite vers\u00a0:<\/p>\n<p>une 2<sup>\u00e8me<\/sup>session incluant le m\u00eame d\u00e9lai (tarif pr\u00e9f\u00e9rentiel)<\/p>\n<p>un arr\u00eat des cours<\/p>\n<p>une session cours apr\u00e8s cours*<\/p>\n<p>*Apr\u00e8s la 36<sup>\u00e8me<\/sup>SG la participante a la possibilit\u00e9 de s\u2019inscrire cours apr\u00e8s cours pour la gym pr\u00e9natale ou le yoga pr\u00e9natal ou Pilates pr\u00e9natal. Cette 3<sup>\u00e8me<\/sup> formule sous-tend qu\u2019une session enti\u00e8re ne pourrait \u00eatre r\u00e9alis\u00e9e, et donc qu\u2019elle comprend un maximum de 5 cours.<\/p>\n<p>*Concernant la gym ballon postnatale la participante a la possibilit\u00e9 de s\u2019inscrire cours apr\u00e8s cours d\u00e8s la 2<sup>\u00e8me<\/sup><\/p>\n<p>Les cours de Pilates Matwork sont propos\u00e9s par session de 10 cours auxquels s\u2019ajoutent 1-2 s\u00e9ances de rattrapage inclus dans le tarif. Les cours non r\u00e9cup\u00e9r\u00e9s durant la session ne sont pas rembours\u00e9s, ni d\u00e9cal\u00e9s sur la session suivante.<\/p>\n<p>Une s\u00e9ance d\u2019essai est envisageable, elle sera prise en compte dans la session en cas de poursuite des cours ou sera factur\u00e9e s\u2019il n\u2019y a pas de suite de cours.<\/p>\n<p><strong>4.Absence \/ annulation<\/strong><\/p>\n<p>En r\u00e8gle g\u00e9n\u00e9rale, les cours sont suspendus durant les vacances scolaires Fribourgeoises.<\/p>\n<p>En cas d\u2019arr\u00eat en cours de session, un remboursement partiel se fait uniquement sur pr\u00e9sentation d\u2019un certificat m\u00e9dical et d\u2019une attestation de l\u2019assurance qui valide qu\u2019il n\u2019y a eu aucun remboursement de leur part.<\/p>\n<p>En cas d\u2019absence sur une 2<sup>\u00e8me<\/sup>session en p\u00e9riode pr\u00e9natale, un maximum de 2 cours peut \u00eatre r\u00e9cup\u00e9r\u00e9 sur une activit\u00e9 postnatale (BF ou yoga), les autres cours seront rembours\u00e9s sous conditions ci-dessus.<\/p>\n<p>En cas d\u2019absence sur une 2<sup>\u00e8me<\/sup>session en p\u00e9riode postnatale, la participante a la possibilit\u00e9 de r\u00e9cup\u00e9rer un maximum de 2 cours, imm\u00e9diatement apr\u00e8s la date pr\u00e9alablement fix\u00e9e. Si cela n\u2019est pas envisageable pour la participante, ils ne seront pas rembours\u00e9s.<\/p>\n<p>En cas d\u2019annulation de cours par les personnes organisatrices (maladie sans remplacement pour l\u2019enseignante, nombre insuffisant de participant), ces situations exceptionnelles ne sont pas comptabilis\u00e9es dans le d\u00e9lai des 8 semaines. Dans ce cadre uniquement, si un ou plusieurs cours ne peut (vent) \u00eatre r\u00e9cup\u00e9r\u00e9(s) la (les) semaine(s) suivante(s) ou remplac\u00e9(s) par un ou plusieurs autre(s) cours, il(s) sera(ont) rembours\u00e9(s) int\u00e9gralement ou exceptionnellement comptabilis\u00e9(s) en cours pouvant \u00eatre r\u00e9cup\u00e9r\u00e9(s) sur une autre activit\u00e9 Maman en Forme.<\/p>\n<p>Un cours peut exceptionnellement \u00eatre r\u00e9cup\u00e9r\u00e9 dans la m\u00eame semaine sur un autre horaire, sur demande, en fonction des places disponibles.<\/p>\n<p><strong>5. Sant\u00e9<\/strong><\/p>\n<p>Pour le yoga pr\u00e9natal, la participante est pri\u00e9e de remplir le questionnaire de sant\u00e9 re\u00e7u avant le d\u00e9but des cours et accepte les risques li\u00e9s \u00e0 la pratique de cette activit\u00e9 et d\u00e9charge l\u2019enseignante ainsi que les diff\u00e9rentes structures dans lesquels les cours se d\u00e9roulent, de toute responsabilit\u00e9 en cas de blessure, accident, maladie ou tout autre dommage corporel pour elle et son enfant, caus\u00e9s dans l\u2019ex\u00e9cution du mouvement durant ou \u00e0 la suite des cours.<\/p>\n<p>Pour le Pilates pr\u00e9natal, la participante accepte les risques li\u00e9s \u00e0 la pratique de cette activit\u00e9 et d\u00e9charge l\u2019enseignante ainsi que les diff\u00e9rentes structures dans lesquels les cours se d\u00e9roulent, de toute responsabilit\u00e9 en cas de blessure, accident, maladie ou tout autre dommage corporel pour elle et son enfant, caus\u00e9s dans l\u2019ex\u00e9cution du mouvement durant ou \u00e0 la suite des cours.<\/p>\n<p>Pour le yoga-Pilates postnatal, la participante accepte les risques li\u00e9s \u00e0 la pratique de cette activit\u00e9 et d\u00e9charge l\u2019enseignante ainsi que les diff\u00e9rentes structures dans lesquels les cours se d\u00e9roulent, de toute responsabilit\u00e9 en cas de blessure, accident, maladie ou tout autre dommage corporel pour elle et son enfant, caus\u00e9s dans l\u2019ex\u00e9cution du mouvement durant ou \u00e0 la suite des cours.<\/p>\n<p><strong>6. Responsabilit\u00e9<\/strong><\/p>\n<p>Le client confirme qu&rsquo;il est enti\u00e8rement responsable de toute blessure qui pourrait survenir pendant le cours. Le client accepte de suivre les instructions pr\u00e9sent\u00e9es pendant le cours et de pratiquer \u00e0 un niveau d&rsquo;intensit\u00e9 appropri\u00e9 pour lui.<\/p>\n<p>Les cours ne remplacent pas un traitement, un diagnostic ou un examen m\u00e9dical et ne sont pas recommand\u00e9s dans certaines conditions. Le client d\u00e9cide de son plein gr\u00e9 s&rsquo;il est apte \u00e0 suivre les cours. Le client renonce \u00e0 toute r\u00e9clamation contre Maman en Forme pour les cours donn\u00e9s.<\/p>\n<p><strong>Protection des donn\u00e9es<\/strong><\/p>\n<p>Maman en Forme ne divulguera en aucun cas les donn\u00e9es personnelles relatives au client \u00e0 un tiers, sauf si la loi ou la d\u00e9cision d&rsquo;une autorit\u00e9 comp\u00e9tente l&rsquo;y oblige.<\/p>\n<p><strong>7. For juridique <\/strong><\/p>\n<p>Les pr\u00e9sentes conditions g\u00e9n\u00e9rales sont soumises au droit suisse. Le for juridique est Romont<\/p>\n<p>&nbsp;<\/p>\n<p>Version 11\/2024[\/vc_column_text][\/vc_column][\/vc_row]<\/p>\n","protected":false},"excerpt":{"rendered":"<p>[vc_row css_animation=\u00a0\u00bb\u00a0\u00bb row_type=\u00a0\u00bbrow\u00a0\u00bb use_row_as_full_screen_section=\u00a0\u00bbno\u00a0\u00bb type=\u00a0\u00bbfull_width\u00a0\u00bb angled_section=\u00a0\u00bbno\u00a0\u00bb text_align=\u00a0\u00bbleft\u00a0\u00bb background_image_as_pattern=\u00a0\u00bbwithout_pattern\u00a0\u00bb][vc_column][vc_column_text]\u00a0 \u00a01. Tarifs Les prix des prestations sont en ligne sur le site internet et sont en Francs Suisses. Ils sont pay\u00e9s int\u00e9gralement avant le 1er cours. 2. D\u00e9roulement Pour les cours de la p\u00e9riode pr\u00e9natale (gym ballon&#8230;<\/p>\n","protected":false},"author":2,"featured_media":0,"parent":0,"menu_order":0,"comment_status":"closed","ping_status":"closed","template":"","meta":{"footnotes":""},"_links":{"self":[{"href":"https:\/\/www.mamanenforme.ch\/index.php\/wp-json\/wp\/v2\/pages\/16749"}],"collection":[{"href":"https:\/\/www.mamanenforme.ch\/index.php\/wp-json\/wp\/v2\/pages"}],"about":[{"href":"https:\/\/www.mamanenforme.ch\/index.php\/wp-json\/wp\/v2\/types\/page"}],"author":[{"embeddable":true,"href":"https:\/\/www.mamanenforme.ch\/index.php\/wp-json\/wp\/v2\/users\/2"}],"replies":[{"embeddable":true,"href":"https:\/\/www.mamanenforme.ch\/index.php\/wp-json\/wp\/v2\/comments?post=16749"}],"version-history":[{"count":13,"href":"https:\/\/www.mamanenforme.ch\/index.php\/wp-json\/wp\/v2\/pages\/16749\/revisions"}],"predecessor-version":[{"id":17455,"href":"https:\/\/www.mamanenforme.ch\/index.php\/wp-json\/wp\/v2\/pages\/16749\/revisions\/17455"}],"wp:attachment":[{"href":"https:\/\/www.mamanenforme.ch\/index.php\/wp-json\/wp\/v2\/media?parent=16749"}],"curies":[{"name":"wp","href":"https:\/\/api.w.org\/{rel}","templated":true}]}}